{"id":3311,"date":"2020-09-03T14:48:14","date_gmt":"2020-09-03T14:48:14","guid":{"rendered":"https:\/\/enerfluid.ec\/?page_id=3311"},"modified":"2020-10-15T10:23:47","modified_gmt":"2020-10-15T10:23:47","slug":"representaciones","status":"publish","type":"page","link":"https:\/\/enerfluid.ec\/index.php\/representaciones\/","title":{"rendered":"Representaciones"},"content":{"rendered":"[vc_row type=&#8221;in_container&#8221; full_screen_row_position=&#8221;middle&#8221; scene_position=&#8221;center&#8221; text_color=&#8221;dark&#8221; text_align=&#8221;left&#8221; top_padding=&#8221;20&#8243; overlay_strength=&#8221;0.3&#8243; shape_divider_position=&#8221;bottom&#8221; bg_image_animation=&#8221;none&#8221; shape_type=&#8221;&#8221;][vc_column centered_text=&#8221;true&#8221; column_padding=&#8221;no-extra-padding&#8221; column_padding_position=&#8221;all&#8221; background_color_opacity=&#8221;1&#8243; background_hover_color_opacity=&#8221;1&#8243; column_link_target=&#8221;_self&#8221; column_shadow=&#8221;none&#8221; column_border_radius=&#8221;none&#8221; width=&#8221;1\/3&#8243; tablet_width_inherit=&#8221;default&#8221; tablet_text_alignment=&#8221;default&#8221; phone_text_alignment=&#8221;default&#8221; column_border_width=&#8221;none&#8221; column_border_style=&#8221;solid&#8221; bg_image_animation=&#8221;none&#8221;][nectar_flip_box image_url_1=&#8221;3492&#8243; text_color=&#8221;dark&#8221; icon_color=&#8221;Accent-Color&#8221; bg_color_2=&#8221;#217fd1&#8243; text_color_2=&#8221;light&#8221; h_text_align=&#8221;left&#8221; v_text_align=&#8221;top&#8221; flip_direction=&#8221;horizontal-to-left&#8221;]Es una multinacional de Estados Unidos con instalaciones en 5 pa\u00edses. Investiga, dise\u00f1a, fabrica y vende complejos equipos de transferencia de calor para una amplia gama de aplicaciones industriales y comerciales.[\/nectar_flip_box][\/vc_column][vc_column centered_text=&#8221;true&#8221; column_padding=&#8221;no-extra-padding&#8221; column_padding_position=&#8221;all&#8221; background_color_opacity=&#8221;1&#8243; background_hover_color_opacity=&#8221;1&#8243; column_link_target=&#8221;_self&#8221; column_shadow=&#8221;none&#8221; column_border_radius=&#8221;none&#8221; width=&#8221;1\/3&#8243; tablet_width_inherit=&#8221;default&#8221; tablet_text_alignment=&#8221;default&#8221; phone_text_alignment=&#8221;default&#8221; column_border_width=&#8221;none&#8221; column_border_style=&#8221;solid&#8221; bg_image_animation=&#8221;none&#8221;][nectar_flip_box image_url_1=&#8221;3493&#8243; text_color=&#8221;dark&#8221; icon_color=&#8221;Accent-Color&#8221; bg_color_2=&#8221;#217fd1&#8243; text_color_2=&#8221;light&#8221; h_text_align=&#8221;left&#8221; v_text_align=&#8221;top&#8221; flip_direction=&#8221;horizontal-to-left&#8221;]\n<p class=\"font_9\"><span class=\"color_15\">Con una trayectoria de casi 70 a\u00f1os, los quemadores Industrial Combustion han logrado convertirse en equipos\u00a0est\u00e1ndar en pr\u00e1cticamente todos los fabricantes lideres de calderas en el mundo.<\/span><\/p>\n[\/nectar_flip_box][\/vc_column][vc_column column_padding=&#8221;no-extra-padding&#8221; column_padding_position=&#8221;all&#8221; background_color_opacity=&#8221;1&#8243; background_hover_color_opacity=&#8221;1&#8243; column_link_target=&#8221;_self&#8221; column_shadow=&#8221;none&#8221; column_border_radius=&#8221;none&#8221; width=&#8221;1\/3&#8243; tablet_width_inherit=&#8221;default&#8221; tablet_text_alignment=&#8221;default&#8221; phone_text_alignment=&#8221;default&#8221; column_border_width=&#8221;none&#8221; column_border_style=&#8221;solid&#8221; bg_image_animation=&#8221;none&#8221;][nectar_flip_box image_url_1=&#8221;3495&#8243; text_color=&#8221;dark&#8221; icon_color=&#8221;Accent-Color&#8221; bg_color_2=&#8221;#217fd1&#8243; text_color_2=&#8221;light&#8221; h_text_align=&#8221;left&#8221; v_text_align=&#8221;top&#8221; flip_direction=&#8221;horizontal-to-left&#8221;]\n<p class=\"font_9\"><span class=\"color_15\">Se especializa en dise\u00f1o y construcci\u00f3n de equipos para plantas industriales seg\u00fan las necesidades del cliente.<\/span><\/p>\n[\/nectar_flip_box][\/vc_column][\/vc_row][vc_row type=&#8221;in_container&#8221; full_screen_row_position=&#8221;middle&#8221; scene_position=&#8221;center&#8221; text_color=&#8221;dark&#8221; text_align=&#8221;left&#8221; overlay_strength=&#8221;0.3&#8243; shape_divider_position=&#8221;bottom&#8221; bg_image_animation=&#8221;none&#8221; shape_type=&#8221;&#8221;][vc_column centered_text=&#8221;true&#8221; column_padding=&#8221;no-extra-padding&#8221; column_padding_position=&#8221;all&#8221; background_color_opacity=&#8221;1&#8243; background_hover_color_opacity=&#8221;1&#8243; column_link_target=&#8221;_self&#8221; column_shadow=&#8221;none&#8221; column_border_radius=&#8221;none&#8221; width=&#8221;1\/3&#8243; tablet_width_inherit=&#8221;default&#8221; tablet_text_alignment=&#8221;default&#8221; phone_text_alignment=&#8221;default&#8221; column_border_width=&#8221;none&#8221; column_border_style=&#8221;solid&#8221; bg_image_animation=&#8221;none&#8221;][nectar_flip_box image_url_1=&#8221;3498&#8243; text_color=&#8221;dark&#8221; icon_color=&#8221;Accent-Color&#8221; bg_color_2=&#8221;#217fd1&#8243; text_color_2=&#8221;light&#8221; h_text_align=&#8221;left&#8221; v_text_align=&#8221;top&#8221; flip_direction=&#8221;horizontal-to-left&#8221;]\n<p class=\"font_9\"><span class=\"color_15\">Aquametro Oil &amp; Marine ofrece productos y soluciones espec\u00edficos que ayudan a los clientes a medir todos los l\u00edquidos qu\u00edmicos e industriales con alta precisi\u00f3n y seguridad del proceso.<\/span><\/p>\n[\/nectar_flip_box][\/vc_column][vc_column centered_text=&#8221;true&#8221; column_padding=&#8221;no-extra-padding&#8221; column_padding_position=&#8221;all&#8221; background_color_opacity=&#8221;1&#8243; background_hover_color_opacity=&#8221;1&#8243; column_link_target=&#8221;_self&#8221; column_shadow=&#8221;none&#8221; column_border_radius=&#8221;none&#8221; width=&#8221;1\/3&#8243; tablet_width_inherit=&#8221;default&#8221; tablet_text_alignment=&#8221;default&#8221; phone_text_alignment=&#8221;default&#8221; column_border_width=&#8221;none&#8221; column_border_style=&#8221;solid&#8221; bg_image_animation=&#8221;none&#8221;][nectar_flip_box image_url_1=&#8221;3496&#8243; text_color=&#8221;dark&#8221; icon_color=&#8221;Accent-Color&#8221; bg_color_2=&#8221;#217fd1&#8243; text_color_2=&#8221;light&#8221; h_text_align=&#8221;left&#8221; v_text_align=&#8221;top&#8221; flip_direction=&#8221;horizontal-to-left&#8221;]\n<p class=\"font_9\"><span class=\"color_15\">Es una empresa espa\u00f1ola referente en suministro de soluciones de combusti\u00f3n. Confiable e innovadora con precios competitivos para el sector residencial, comercial, industrial y procesos.<\/span><\/p>\n[\/nectar_flip_box][\/vc_column][vc_column column_padding=&#8221;no-extra-padding&#8221; column_padding_position=&#8221;all&#8221; background_color_opacity=&#8221;1&#8243; background_hover_color_opacity=&#8221;1&#8243; column_link_target=&#8221;_self&#8221; column_shadow=&#8221;none&#8221; column_border_radius=&#8221;none&#8221; width=&#8221;1\/3&#8243; tablet_width_inherit=&#8221;default&#8221; tablet_text_alignment=&#8221;default&#8221; phone_text_alignment=&#8221;default&#8221; column_border_width=&#8221;none&#8221; column_border_style=&#8221;solid&#8221; bg_image_animation=&#8221;none&#8221;][nectar_flip_box image_url_1=&#8221;3497&#8243; text_color=&#8221;dark&#8221; icon_color=&#8221;Accent-Color&#8221; bg_color_2=&#8221;#217fd1&#8243; text_color_2=&#8221;light&#8221; h_text_align=&#8221;left&#8221; v_text_align=&#8221;top&#8221; flip_direction=&#8221;horizontal-to-left&#8221;]\n<section id=\"comp-kfidjrgp\">\n<div class=\"_3BQmz\" data-testid=\"columns\">\n<div id=\"comp-kfidjrgq\" class=\"_1HpZ_\">\n<div class=\"\" data-mesh-id=\"comp-kfidjrgqinlineContent\" data-testid=\"inline-content\">\n<div data-mesh-id=\"comp-kfidjrgqinlineContent-gridContainer\" data-testid=\"mesh-container-content\">\n<section id=\"comp-kfidjrgr6\">\n<div class=\"_3BQmz\" data-testid=\"columns\">\n<div id=\"comp-kfidjrgr10\" class=\"_1HpZ_\">\n<div class=\"\" data-mesh-id=\"comp-kfidjrgr10inlineContent\" data-testid=\"inline-content\">\n<div data-mesh-id=\"comp-kfidjrgr10inlineContent-gridContainer\" data-testid=\"mesh-container-content\">\n<div id=\"comp-kfidjrgr11\" class=\"_1Z_nJ\" data-testid=\"richTextElement\">\n<p class=\"font_9\"><span class=\"color_15\">Desde calderas hasta plataformas petrol\u00edferas en alta mar, Darco Southern proporciona soluciones de alta temperatura para las necesidades de contenci\u00f3n t\u00e9rmica.\u00a0<\/span><\/p>\n<\/div>\n<\/div>\n<\/div>\n<\/div>\n<\/div>\n<\/section>\n<\/div>\n<\/div>\n<\/div>\n<\/div>\n<\/section>\n[\/nectar_flip_box][\/vc_column][\/vc_row]\n","protected":false},"excerpt":{"rendered":"<p>[vc_row type=&#8221;in_container&#8221; full_screen_row_position=&#8221;middle&#8221; scene_position=&#8221;center&#8221; text_color=&#8221;dark&#8221; text_align=&#8221;left&#8221; top_padding=&#8221;20&#8243; overlay_strength=&#8221;0.3&#8243; shape_divider_position=&#8221;bottom&#8221; bg_image_animation=&#8221;none&#8221; shape_type=&#8221;&#8221;][vc_column centered_text=&#8221;true&#8221; column_padding=&#8221;no-extra-padding&#8221; column_padding_position=&#8221;all&#8221; background_color_opacity=&#8221;1&#8243; background_hover_color_opacity=&#8221;1&#8243; column_link_target=&#8221;_self&#8221; column_shadow=&#8221;none&#8221; column_border_radius=&#8221;none&#8221; width=&#8221;1\/3&#8243; tablet_width_inherit=&#8221;default&#8221; tablet_text_alignment=&#8221;default&#8221; phone_text_alignment=&#8221;default&#8221; column_border_width=&#8221;none&#8221; column_border_style=&#8221;solid&#8221; bg_image_animation=&#8221;none&#8221;][nectar_flip_box image_url_1=&#8221;3492&#8243; text_color=&#8221;dark&#8221; icon_color=&#8221;Accent-Color&#8221; bg_color_2=&#8221;#217fd1&#8243;&#8230;<\/p>\n","protected":false},"author":1,"featured_media":0,"parent":0,"menu_order":0,"comment_status":"closed","ping_status":"closed","template":"","meta":{"footnotes":""},"class_list":["post-3311","page","type-page","status-publish"],"yoast_head":"<!-- This site is optimized with the Yoast SEO plugin v26.4 - https:\/\/yoast.com\/wordpress\/plugins\/seo\/ -->\n<title>Representaciones - Enerfluid<\/title>\n<meta name=\"robots\" content=\"index, follow, max-snippet:-1, max-image-preview:large, max-video-preview:-1\" \/>\n<link rel=\"canonical\" href=\"https:\/\/enerfluid.ec\/index.php\/representaciones\/\" \/>\n<meta property=\"og:locale\" content=\"en_US\" \/>\n<meta property=\"og:type\" content=\"article\" \/>\n<meta property=\"og:title\" content=\"Representaciones - Enerfluid\" \/>\n<meta property=\"og:description\" content=\"[vc_row type=&#8221;in_container&#8221; full_screen_row_position=&#8221;middle&#8221; scene_position=&#8221;center&#8221; text_color=&#8221;dark&#8221; text_align=&#8221;left&#8221; top_padding=&#8221;20&#8243; overlay_strength=&#8221;0.3&#8243; shape_divider_position=&#8221;bottom&#8221; bg_image_animation=&#8221;none&#8221; shape_type=&#8221;&#8221;][vc_column centered_text=&#8221;true&#8221; column_padding=&#8221;no-extra-padding&#8221; column_padding_position=&#8221;all&#8221; background_color_opacity=&#8221;1&#8243; background_hover_color_opacity=&#8221;1&#8243; column_link_target=&#8221;_self&#8221; column_shadow=&#8221;none&#8221; column_border_radius=&#8221;none&#8221; width=&#8221;1\/3&#8243; tablet_width_inherit=&#8221;default&#8221; tablet_text_alignment=&#8221;default&#8221; phone_text_alignment=&#8221;default&#8221; column_border_width=&#8221;none&#8221; column_border_style=&#8221;solid&#8221; bg_image_animation=&#8221;none&#8221;][nectar_flip_box image_url_1=&#8221;3492&#8243; text_color=&#8221;dark&#8221; icon_color=&#8221;Accent-Color&#8221; bg_color_2=&#8221;#217fd1&#8243;...\" \/>\n<meta property=\"og:url\" content=\"https:\/\/enerfluid.ec\/index.php\/representaciones\/\" \/>\n<meta property=\"og:site_name\" content=\"Enerfluid\" \/>\n<meta property=\"article:publisher\" content=\"https:\/\/www.facebook.com\/Enerfluid\/\" \/>\n<meta property=\"article:modified_time\" content=\"2020-10-15T10:23:47+00:00\" \/>\n<meta name=\"twitter:card\" content=\"summary_large_image\" \/>\n<meta name=\"twitter:site\" content=\"@Enerfluid_SA\" \/>\n<meta name=\"twitter:label1\" content=\"Est. reading time\" \/>\n\t<meta name=\"twitter:data1\" content=\"4 minutes\" \/>\n<script type=\"application\/ld+json\" class=\"yoast-schema-graph\">{\"@context\":\"https:\/\/schema.org\",\"@graph\":[{\"@type\":\"WebPage\",\"@id\":\"https:\/\/enerfluid.ec\/index.php\/representaciones\/\",\"url\":\"https:\/\/enerfluid.ec\/index.php\/representaciones\/\",\"name\":\"Representaciones - Enerfluid\",\"isPartOf\":{\"@id\":\"https:\/\/enerfluid.ec\/#website\"},\"datePublished\":\"2020-09-03T14:48:14+00:00\",\"dateModified\":\"2020-10-15T10:23:47+00:00\",\"breadcrumb\":{\"@id\":\"https:\/\/enerfluid.ec\/index.php\/representaciones\/#breadcrumb\"},\"inLanguage\":\"en-US\",\"potentialAction\":[{\"@type\":\"ReadAction\",\"target\":[\"https:\/\/enerfluid.ec\/index.php\/representaciones\/\"]}]},{\"@type\":\"BreadcrumbList\",\"@id\":\"https:\/\/enerfluid.ec\/index.php\/representaciones\/#breadcrumb\",\"itemListElement\":[{\"@type\":\"ListItem\",\"position\":1,\"name\":\"Home\",\"item\":\"https:\/\/enerfluid.ec\/\"},{\"@type\":\"ListItem\",\"position\":2,\"name\":\"Representaciones\"}]},{\"@type\":\"WebSite\",\"@id\":\"https:\/\/enerfluid.ec\/#website\",\"url\":\"https:\/\/enerfluid.ec\/\",\"name\":\"Enerfluid\",\"description\":\"Proveedor de repuestos y equipos industriales\",\"publisher\":{\"@id\":\"https:\/\/enerfluid.ec\/#organization\"},\"potentialAction\":[{\"@type\":\"SearchAction\",\"target\":{\"@type\":\"EntryPoint\",\"urlTemplate\":\"https:\/\/enerfluid.ec\/?s={search_term_string}\"},\"query-input\":{\"@type\":\"PropertyValueSpecification\",\"valueRequired\":true,\"valueName\":\"search_term_string\"}}],\"inLanguage\":\"en-US\"},{\"@type\":\"Organization\",\"@id\":\"https:\/\/enerfluid.ec\/#organization\",\"name\":\"Enerfluid\",\"url\":\"https:\/\/enerfluid.ec\/\",\"logo\":{\"@type\":\"ImageObject\",\"inLanguage\":\"en-US\",\"@id\":\"https:\/\/enerfluid.ec\/#\/schema\/logo\/image\/\",\"url\":\"https:\/\/enerfluid.ec\/wp-content\/uploads\/2020\/09\/Logo-enerfluid.jpg\",\"contentUrl\":\"https:\/\/enerfluid.ec\/wp-content\/uploads\/2020\/09\/Logo-enerfluid.jpg\",\"width\":1500,\"height\":550,\"caption\":\"Enerfluid\"},\"image\":{\"@id\":\"https:\/\/enerfluid.ec\/#\/schema\/logo\/image\/\"},\"sameAs\":[\"https:\/\/www.facebook.com\/Enerfluid\/\",\"https:\/\/x.com\/Enerfluid_SA\",\"https:\/\/www.linkedin.com\/company\/enerfluidec\/\"]}]}<\/script>\n<!-- \/ Yoast SEO plugin. -->","yoast_head_json":{"title":"Representaciones - Enerfluid","robots":{"index":"index","follow":"follow","max-snippet":"max-snippet:-1","max-image-preview":"max-image-preview:large","max-video-preview":"max-video-preview:-1"},"canonical":"https:\/\/enerfluid.ec\/index.php\/representaciones\/","og_locale":"en_US","og_type":"article","og_title":"Representaciones - Enerfluid","og_description":"[vc_row type=&#8221;in_container&#8221; full_screen_row_position=&#8221;middle&#8221; scene_position=&#8221;center&#8221; text_color=&#8221;dark&#8221; text_align=&#8221;left&#8221; top_padding=&#8221;20&#8243; overlay_strength=&#8221;0.3&#8243; shape_divider_position=&#8221;bottom&#8221; bg_image_animation=&#8221;none&#8221; shape_type=&#8221;&#8221;][vc_column centered_text=&#8221;true&#8221; column_padding=&#8221;no-extra-padding&#8221; column_padding_position=&#8221;all&#8221; background_color_opacity=&#8221;1&#8243; background_hover_color_opacity=&#8221;1&#8243; column_link_target=&#8221;_self&#8221; column_shadow=&#8221;none&#8221; column_border_radius=&#8221;none&#8221; width=&#8221;1\/3&#8243; tablet_width_inherit=&#8221;default&#8221; tablet_text_alignment=&#8221;default&#8221; phone_text_alignment=&#8221;default&#8221; column_border_width=&#8221;none&#8221; column_border_style=&#8221;solid&#8221; bg_image_animation=&#8221;none&#8221;][nectar_flip_box image_url_1=&#8221;3492&#8243; text_color=&#8221;dark&#8221; icon_color=&#8221;Accent-Color&#8221; bg_color_2=&#8221;#217fd1&#8243;...","og_url":"https:\/\/enerfluid.ec\/index.php\/representaciones\/","og_site_name":"Enerfluid","article_publisher":"https:\/\/www.facebook.com\/Enerfluid\/","article_modified_time":"2020-10-15T10:23:47+00:00","twitter_card":"summary_large_image","twitter_site":"@Enerfluid_SA","twitter_misc":{"Est. reading time":"4 minutes"},"schema":{"@context":"https:\/\/schema.org","@graph":[{"@type":"WebPage","@id":"https:\/\/enerfluid.ec\/index.php\/representaciones\/","url":"https:\/\/enerfluid.ec\/index.php\/representaciones\/","name":"Representaciones - Enerfluid","isPartOf":{"@id":"https:\/\/enerfluid.ec\/#website"},"datePublished":"2020-09-03T14:48:14+00:00","dateModified":"2020-10-15T10:23:47+00:00","breadcrumb":{"@id":"https:\/\/enerfluid.ec\/index.php\/representaciones\/#breadcrumb"},"inLanguage":"en-US","potentialAction":[{"@type":"ReadAction","target":["https:\/\/enerfluid.ec\/index.php\/representaciones\/"]}]},{"@type":"BreadcrumbList","@id":"https:\/\/enerfluid.ec\/index.php\/representaciones\/#breadcrumb","itemListElement":[{"@type":"ListItem","position":1,"name":"Home","item":"https:\/\/enerfluid.ec\/"},{"@type":"ListItem","position":2,"name":"Representaciones"}]},{"@type":"WebSite","@id":"https:\/\/enerfluid.ec\/#website","url":"https:\/\/enerfluid.ec\/","name":"Enerfluid","description":"Proveedor de repuestos y equipos industriales","publisher":{"@id":"https:\/\/enerfluid.ec\/#organization"},"potentialAction":[{"@type":"SearchAction","target":{"@type":"EntryPoint","urlTemplate":"https:\/\/enerfluid.ec\/?s={search_term_string}"},"query-input":{"@type":"PropertyValueSpecification","valueRequired":true,"valueName":"search_term_string"}}],"inLanguage":"en-US"},{"@type":"Organization","@id":"https:\/\/enerfluid.ec\/#organization","name":"Enerfluid","url":"https:\/\/enerfluid.ec\/","logo":{"@type":"ImageObject","inLanguage":"en-US","@id":"https:\/\/enerfluid.ec\/#\/schema\/logo\/image\/","url":"https:\/\/enerfluid.ec\/wp-content\/uploads\/2020\/09\/Logo-enerfluid.jpg","contentUrl":"https:\/\/enerfluid.ec\/wp-content\/uploads\/2020\/09\/Logo-enerfluid.jpg","width":1500,"height":550,"caption":"Enerfluid"},"image":{"@id":"https:\/\/enerfluid.ec\/#\/schema\/logo\/image\/"},"sameAs":["https:\/\/www.facebook.com\/Enerfluid\/","https:\/\/x.com\/Enerfluid_SA","https:\/\/www.linkedin.com\/company\/enerfluidec\/"]}]}},"_links":{"self":[{"href":"https:\/\/enerfluid.ec\/index.php\/wp-json\/wp\/v2\/pages\/3311","targetHints":{"allow":["GET"]}}],"collection":[{"href":"https:\/\/enerfluid.ec\/index.php\/wp-json\/wp\/v2\/pages"}],"about":[{"href":"https:\/\/enerfluid.ec\/index.php\/wp-json\/wp\/v2\/types\/page"}],"author":[{"embeddable":true,"href":"https:\/\/enerfluid.ec\/index.php\/wp-json\/wp\/v2\/users\/1"}],"replies":[{"embeddable":true,"href":"https:\/\/enerfluid.ec\/index.php\/wp-json\/wp\/v2\/comments?post=3311"}],"version-history":[{"count":18,"href":"https:\/\/enerfluid.ec\/index.php\/wp-json\/wp\/v2\/pages\/3311\/revisions"}],"predecessor-version":[{"id":3508,"href":"https:\/\/enerfluid.ec\/index.php\/wp-json\/wp\/v2\/pages\/3311\/revisions\/3508"}],"wp:attachment":[{"href":"https:\/\/enerfluid.ec\/index.php\/wp-json\/wp\/v2\/media?parent=3311"}],"curies":[{"name":"wp","href":"https:\/\/api.w.org\/{rel}","templated":true}]}}